{"id":142,"date":"2017-11-02T07:22:48","date_gmt":"2017-11-02T07:22:48","guid":{"rendered":"https:\/\/przedszkole423.pl\/?page_id=142"},"modified":"2025-12-19T14:03:21","modified_gmt":"2025-12-19T14:03:21","slug":"dokumenty-do-pobrania","status":"publish","type":"page","link":"https:\/\/przedszkole423.pl\/?page_id=142","title":{"rendered":"Dokumenty do pobrania"},"content":{"rendered":"<p>Zakaz wnoszenia produkt\u00f3w \u017cywno\u015bciowych przez rodzic\u00f3w do Przedszkola nr 423 &#8211;\u00a0 <a href=\"https:\/\/przedszkole423.pl\/wp-content\/uploads\/2018\/01\/zarz\u0105dzenie-dyrektora-przedszkola.pdf\">zarz\u0105dzenie dyrektora przedszkola <\/a><\/p>\n<p><a href=\"https:\/\/przedszkole423.pl\/wp-content\/uploads\/2023\/03\/STATUT-zmiany-2022-\u2014-wlasciwy.pdf\" target=\"_blank\" rel=\"noopener\">Statut Przedszkola nr 423\u00a0<\/a><\/p>\n<p><a href=\"https:\/\/przedszkole423.pl\/wp-content\/uploads\/2024\/08\/nowe-upowaznienie-do-odbioru-dziecka.pdf\" target=\"_blank\" rel=\"noopener\">Upowa\u017cnienie do odbioru dziecka<\/a><\/p>\n<p><a href=\"https:\/\/przedszkole423.pl\/wp-content\/uploads\/2024\/08\/Zgoda-na-wykorzystanie-wizerunku-dziecka1.pdf\" target=\"_blank\" rel=\"noopener\">Zgoda na wykorzystanie wizerunku dziecka<\/a><\/p>\n<p><a href=\"https:\/\/przedszkole423.pl\/wp-content\/uploads\/2024\/08\/Zgoda-na-udzial-w-terapii.pdf\" target=\"_blank\" rel=\"noopener\">Zgoda na udzia\u0142 w terapii<\/a><\/p>\n<p><a href=\"https:\/\/przedszkole423.pl\/wp-content\/uploads\/2024\/08\/zgoda-na-udzial-w-religii.pdf\" target=\"_blank\" rel=\"noopener\">zgoda na udzia\u0142 w religii<\/a><\/p>\n<p><a href=\"https:\/\/przedszkole423.pl\/wp-content\/uploads\/2023\/09\/PROCEDURY-BEZPIECZENSTWA-OBOWIAZUJACE-W-P243.pdf\" target=\"_blank\" rel=\"noopener\">Procedury bezpiecze\u0144stwa obowi\u0105zuj\u0105ce w Przedszkolu nr 423<\/a><\/p>\n<p><a href=\"https:\/\/przedszkole423.pl\/wp-content\/uploads\/2024\/02\/procedura-bezpieczenstwa-word-2-1.pdf\" target=\"_blank\" rel=\"noopener\">Procedura post\u0119powania w przypadku agresywnego zachowania dziecka w przedszkolu, stwarzaj\u0105cego zagro\u017cenie dla bezpiecze\u0144stwa i zdrowia w\u0142asnego i innych w Przedszkolu nr 423<\/a><\/p>\n<p><a href=\"https:\/\/przedszkole423.pl\/wp-content\/uploads\/2025\/12\/Standardy-ochrony-maloletnich-P4232025.pdf\" target=\"_blank\" rel=\"noopener\">Standardy ochrony ma\u0142oletnich w Przedszkolu nr 423<\/a><\/p>\n<p>wnioski o przyznanie \u015bwiadcze\u0144\u00a0<a href=\"https:\/\/przedszkole423.pl\/wp-content\/uploads\/2017\/11\/wnioski-o-przyznanie-\u015bwiadcze\u0144-wychowawczych-rodzinnych-funduszu-alimentacyjnego-na-nowy-okres-zasi\u0142kowy.docx\">wnioski o przyznanie \u015bwiadcze\u0144 wychowawczych rodzinnych funduszu alimentacyjnego na nowy okres zasi\u0142kowy<\/a><\/p>\n","protected":false},"excerpt":{"rendered":"<p>Zakaz wnoszenia produkt\u00f3w \u017cywno\u015bciowych przez rodzic\u00f3w do Przedszkola nr 423 &#8211;\u00a0 zarz\u0105dzenie dyrektora przedszkola Statut Przedszkola nr 423\u00a0 Upowa\u017cnienie do odbioru dziecka Zgoda na wykorzystanie wizerunku dziecka Zgoda na udzia\u0142 w terapii zgoda na udzia\u0142 w religii Procedury bezpiecze\u0144stwa obowi\u0105zuj\u0105ce &hellip; <\/p>\n","protected":false},"author":1,"featured_media":0,"parent":105,"menu_order":0,"comment_status":"closed","ping_status":"closed","template":"","meta":{"footnotes":""},"class_list":["post-142","page","type-page","status-publish","hentry"],"_links":{"self":[{"href":"https:\/\/przedszkole423.pl\/index.php?rest_route=\/wp\/v2\/pages\/142","targetHints":{"allow":["GET"]}}],"collection":[{"href":"https:\/\/przedszkole423.pl\/index.php?rest_route=\/wp\/v2\/pages"}],"about":[{"href":"https:\/\/przedszkole423.pl\/index.php?rest_route=\/wp\/v2\/types\/page"}],"author":[{"embeddable":true,"href":"https:\/\/przedszkole423.pl\/index.php?rest_route=\/wp\/v2\/users\/1"}],"replies":[{"embeddable":true,"href":"https:\/\/przedszkole423.pl\/index.php?rest_route=%2Fwp%2Fv2%2Fcomments&post=142"}],"version-history":[{"count":34,"href":"https:\/\/przedszkole423.pl\/index.php?rest_route=\/wp\/v2\/pages\/142\/revisions"}],"predecessor-version":[{"id":8855,"href":"https:\/\/przedszkole423.pl\/index.php?rest_route=\/wp\/v2\/pages\/142\/revisions\/8855"}],"up":[{"embeddable":true,"href":"https:\/\/przedszkole423.pl\/index.php?rest_route=\/wp\/v2\/pages\/105"}],"wp:attachment":[{"href":"https:\/\/przedszkole423.pl\/index.php?rest_route=%2Fwp%2Fv2%2Fmedia&parent=142"}],"curies":[{"name":"wp","href":"https:\/\/api.w.org\/{rel}","templated":true}]}}