{"id":17,"date":"2017-10-29T10:29:17","date_gmt":"2017-10-29T10:29:17","guid":{"rendered":"https:\/\/przedszkole423.pl\/?page_id=17"},"modified":"2019-09-25T05:43:25","modified_gmt":"2019-09-25T05:43:25","slug":"grupy","status":"publish","type":"page","link":"https:\/\/przedszkole423.pl\/?page_id=17","title":{"rendered":"Grupy"},"content":{"rendered":"<p>Informacje o grupach<\/p>\n\n\n<h1 class=\"wp-block-heading\"><a href=\"https:\/\/przedszkole423.pl\/?page_id=19\">Biedronki<\/a><\/h1>\n\n\n\n<h1 class=\"wp-block-heading\"><a href=\"https:\/\/przedszkole423.pl\/?page_id=21\">Misie<\/a><\/h1>\n\n\n\n<h1 class=\"wp-block-heading\"><a href=\"https:\/\/przedszkole423.pl\/?page_id=2457\">S\u00f3wki<\/a><\/h1>\n\n\n\n<h1 class=\"wp-block-heading\"><a href=\"https:\/\/przedszkole423.pl\/?page_id=25\">Krasnale<\/a><\/h1>\n\n\n\n<h1 class=\"wp-block-heading\"><a href=\"https:\/\/przedszkole423.pl\/?page_id=23\">Pszcz\u00f3\u0142ki<\/a><\/h1>\n\n\n\n<p><\/p>\n","protected":false},"excerpt":{"rendered":"<p>Informacje o grupach Biedronki Misie S\u00f3wki Krasnale Pszcz\u00f3\u0142ki<\/p>\n","protected":false},"author":1,"featured_media":0,"parent":0,"menu_order":0,"comment_status":"closed","ping_status":"closed","template":"","meta":{"footnotes":""},"class_list":["post-17","page","type-page","status-publish","hentry"],"_links":{"self":[{"href":"https:\/\/przedszkole423.pl\/index.php?rest_route=\/wp\/v2\/pages\/17","targetHints":{"allow":["GET"]}}],"collection":[{"href":"https:\/\/przedszkole423.pl\/index.php?rest_route=\/wp\/v2\/pages"}],"about":[{"href":"https:\/\/przedszkole423.pl\/index.php?rest_route=\/wp\/v2\/types\/page"}],"author":[{"embeddable":true,"href":"https:\/\/przedszkole423.pl\/index.php?rest_route=\/wp\/v2\/users\/1"}],"replies":[{"embeddable":true,"href":"https:\/\/przedszkole423.pl\/index.php?rest_route=%2Fwp%2Fv2%2Fcomments&post=17"}],"version-history":[{"count":4,"href":"https:\/\/przedszkole423.pl\/index.php?rest_route=\/wp\/v2\/pages\/17\/revisions"}],"predecessor-version":[{"id":3674,"href":"https:\/\/przedszkole423.pl\/index.php?rest_route=\/wp\/v2\/pages\/17\/revisions\/3674"}],"wp:attachment":[{"href":"https:\/\/przedszkole423.pl\/index.php?rest_route=%2Fwp%2Fv2%2Fmedia&parent=17"}],"curies":[{"name":"wp","href":"https:\/\/api.w.org\/{rel}","templated":true}]}}