{"id":19,"date":"2017-10-29T10:29:32","date_gmt":"2017-10-29T10:29:32","guid":{"rendered":"https:\/\/przedszkole423.pl\/?page_id=19"},"modified":"2026-03-31T11:15:53","modified_gmt":"2026-03-31T11:15:53","slug":"biedronki","status":"publish","type":"page","link":"https:\/\/przedszkole423.pl\/?page_id=19","title":{"rendered":"Biedronki"},"content":{"rendered":"<div class=\"wp-block-image\">\n<figure class=\"alignleft size-thumbnail\"><a href=\"https:\/\/przedszkole423.pl\/wp-content\/uploads\/2017\/11\/MarieBug-e1510775739204.jpg\"><img loading=\"lazy\" decoding=\"async\" width=\"150\" height=\"150\" src=\"https:\/\/przedszkole423.pl\/wp-content\/uploads\/2017\/11\/MarieBug-150x150.jpg\" alt=\"\" class=\"wp-image-435\"\/><\/a><\/figure><\/div>\n\n\n<p><\/p>\n\n\n\n<p><\/p>\n\n\n\n<p><\/p>\n\n\n\n<p><strong>Grupa \u201eBIEDRONKI\u201d<\/strong><\/p>\n\n\n\n<p>Grupa 3-latk\u00f3w to najm\u0142odsze dzieci w naszym przedszkolu \u2013 dopiero rozpoczynaj\u0105 swoj\u0105 przygod\u0119 z edukacj\u0105 przedszkoln\u0105. To wyj\u0105tkowy czas adaptacji, budowania pierwszych relacji r\u00f3wie\u015bniczych oraz rozwijania podstawowych umiej\u0119tno\u015bci spo\u0142ecznych i emocjonalnych. Dzieci w tym wieku s\u0105 bardzo ciekawe \u015bwiata, ch\u0142onne wiedzy i ch\u0119tne do dzia\u0142ania. Poprzez zabaw\u0119 ucz\u0105 si\u0119 samodzielno\u015bci, komunikowania swoich potrzeb, wsp\u00f3\u0142pracy oraz zasad funkcjonowania w grupie. Ka\u017cdego dnia podejmuj\u0105 nowe wyzwania: ucz\u0105 si\u0119 piosenek, wierszyk\u00f3w, wykonuj\u0105 prace plastyczne, uczestnicz\u0105 w zabawach ruchowych, muzycznych i sensorycznych. W grupie panuje atmosfera ciep\u0142a, zaufania i bezpiecze\u0144stwa. Nauczyciele wspieraj\u0105 dzieci w ich rozwoju, dostosowuj\u0105c dzia\u0142ania do indywidualnych potrzeb i mo\u017cliwo\u015bci ka\u017cdego malucha. Du\u017cy nacisk k\u0142adziemy na rozwijanie umiej\u0119tno\u015bci samoobs\u0142ugowych \u2013 takich jak ubieranie si\u0119, mycie r\u0105k, korzystanie z toalety czy spo\u017cywanie posi\u0142k\u00f3w przy stole. Pierwszy rok w przedszkolu to r\u00f3wnie\u017c czas, kiedy dzieci ucz\u0105 si\u0119 rytmu dnia, zasad wsp\u00f3\u0142\u017cycia w grupie i rozwijaj\u0105 poczucie przynale\u017cno\u015bci. Staramy si\u0119, aby ka\u017cdy dzie\u0144 by\u0142 dla nich pe\u0142en rado\u015bci, zabawy i pozytywnych do\u015bwiadcze\u0144.<\/p>\n\n\n\n<p><strong>ZAMIERZENIA DYDAKTYCZNO-WYCHOWAWCZE<\/strong><\/p>\n\n\n\n<p>KWIECIE\u0143 &nbsp;2026 r.<\/p>\n\n\n\n<p>Bloki tematyczne poruszane w czasie zaj\u0119\u0107:<\/p>\n\n\n\n<ol class=\"wp-block-list\">\n<li>\u201eKolory wiosny\u201d<\/li>\n\n\n\n<li>\u201eDbamy o zdrowie\u201d<\/li>\n\n\n\n<li>\u201eWiosenny ogr\u00f3d\u201d<\/li>\n\n\n\n<li>\u201eW wiejskiej zagrodzi\u201d<br><br>Dziecko:<br>\u2022 rozpozna i nazwie kolory,<br>\u2022 wzbogaci swoj\u0105 wiedz\u0119 przyrodnicz\u0105 n\/t trybu \u017cycia bocian\u00f3w,<br>\u2022 podejmie pr\u00f3by dekodowania zakodowanych informacji,<br>\u2022 po\u0142\u0105czy elementy zbioru wg instrukcji,<br>\u2022 zagra na instrumentach perkusyjnych,<br>\u2022 dowie si\u0119 co oznacza termin \u201ezdrowe od\u017cywianie,<br>\u2022 wybierze str\u00f3j odpowiedni do pogody,<br>\u2022 u\u017cyje liczebnik\u00f3w g\u0142\u00f3wnych i porz\u0105dkowych,<br>\u2022 rozpozna odg\u0142osy ptak\u00f3w,<br>\u2022 pozna znaczenie drzew w \u017cyciu ludzi,<br>\u2022 u\u0142o\u017cy rytmy z kwiatk\u00f3w,<br>\u2022 okre\u015bli, czy wymieniane obiekty pasuj\u0105 do wsi, czy miasta,<br>\u2022 ustali, jakie zwierz\u0119 mo\u017cna spotka\u0107 na wsi, a jakiego spotka\u0107 nie mo\u017cna,<br>\u2022 dokona klasyfikacji zwierz\u0105t ze wzgl\u0119du na wsp\u00f3ln\u0105 cech\u0119,<br>\u2022 pozna poj\u0119cie \u201eo 1 wi\u0119cej\u201d.<\/li>\n<\/ol>\n\n\n\n<p class=\"has-text-align-left\">&nbsp;<strong>Harmonogram wydarze\u0144 planowanych w kwietniu 2026r.<\/strong><\/p>\n\n\n\n<figure class=\"wp-block-table\"><table class=\"has-fixed-layout\"><tbody><tr><td><strong>08.- 14.04.2026&nbsp;<\/strong>Niebieskie Igrzyska 2026&nbsp; &nbsp;<\/td><\/tr><tr><td><strong>07.04.2026<\/strong>&nbsp;Mi\u0119dzynarodowy Dzie\u0144 Sportu&nbsp; &nbsp;<\/td><\/tr><tr><td><strong>14.04.2026<\/strong>&nbsp;Koncert muzyki klasycznej&nbsp; &nbsp;<\/td><\/tr><tr><td><strong>23.04.2026 <\/strong>Dzie\u0144 Ziemi\u00a0 \u00a0<\/td><\/tr><tr><td><strong>22.04.2026<\/strong>&nbsp;Warsztaty z krukiem (cykl spotka\u0144 ze zwierz\u0105tkami)&nbsp; &nbsp;<\/td><\/tr><tr><td><strong>27.- 30.04.2026<\/strong> &nbsp;Warsztaty Patriotyczne&nbsp; &nbsp;<\/td><\/tr><tr><td>Kwiecie\u0144&nbsp;2026&nbsp;Program profilaktyczny&nbsp;\u201eSzcz\u0119\u015bliwy i \u015bwiadomy przedszkolak\u201d&nbsp;(zaj\u0119cia&nbsp;grupowe z psychologiem przedszkolnym)&nbsp; &nbsp;<\/td><\/tr><tr><td>&nbsp;Kwiecie\u0144&nbsp;2026&nbsp;Spacer do Biblioteki &nbsp;<\/td><\/tr><\/tbody><\/table><\/figure>\n\n\n\n<p class=\"has-text-align-left\">&nbsp;&nbsp;&nbsp;&nbsp;&nbsp;&nbsp;&nbsp;<\/p>\n","protected":false},"excerpt":{"rendered":"<p>Grupa \u201eBIEDRONKI\u201d Grupa 3-latk\u00f3w to najm\u0142odsze dzieci w naszym przedszkolu \u2013 dopiero rozpoczynaj\u0105 swoj\u0105 przygod\u0119 z edukacj\u0105 przedszkoln\u0105. To wyj\u0105tkowy czas adaptacji, budowania pierwszych relacji r\u00f3wie\u015bniczych oraz rozwijania podstawowych umiej\u0119tno\u015bci spo\u0142ecznych i emocjonalnych. Dzieci w tym wieku s\u0105 bardzo ciekawe &hellip; <\/p>\n","protected":false},"author":1,"featured_media":0,"parent":17,"menu_order":0,"comment_status":"closed","ping_status":"closed","template":"","meta":{"footnotes":""},"class_list":["post-19","page","type-page","status-publish","hentry"],"_links":{"self":[{"href":"https:\/\/przedszkole423.pl\/index.php?rest_route=\/wp\/v2\/pages\/19","targetHints":{"allow":["GET"]}}],"collection":[{"href":"https:\/\/przedszkole423.pl\/index.php?rest_route=\/wp\/v2\/pages"}],"about":[{"href":"https:\/\/przedszkole423.pl\/index.php?rest_route=\/wp\/v2\/types\/page"}],"author":[{"embeddable":true,"href":"https:\/\/przedszkole423.pl\/index.php?rest_route=\/wp\/v2\/users\/1"}],"replies":[{"embeddable":true,"href":"https:\/\/przedszkole423.pl\/index.php?rest_route=%2Fwp%2Fv2%2Fcomments&post=19"}],"version-history":[{"count":139,"href":"https:\/\/przedszkole423.pl\/index.php?rest_route=\/wp\/v2\/pages\/19\/revisions"}],"predecessor-version":[{"id":9165,"href":"https:\/\/przedszkole423.pl\/index.php?rest_route=\/wp\/v2\/pages\/19\/revisions\/9165"}],"up":[{"embeddable":true,"href":"https:\/\/przedszkole423.pl\/index.php?rest_route=\/wp\/v2\/pages\/17"}],"wp:attachment":[{"href":"https:\/\/przedszkole423.pl\/index.php?rest_route=%2Fwp%2Fv2%2Fmedia&parent=19"}],"curies":[{"name":"wp","href":"https:\/\/api.w.org\/{rel}","templated":true}]}}