{"id":21,"date":"2017-10-29T10:29:47","date_gmt":"2017-10-29T10:29:47","guid":{"rendered":"https:\/\/przedszkole423.pl\/?page_id=21"},"modified":"2026-03-31T11:16:07","modified_gmt":"2026-03-31T11:16:07","slug":"misie","status":"publish","type":"page","link":"https:\/\/przedszkole423.pl\/?page_id=21","title":{"rendered":"Misie"},"content":{"rendered":"\n<figure class=\"wp-block-image size-full\"><a href=\"https:\/\/przedszkole423.pl\/wp-content\/uploads\/2017\/11\/Mi\u015b-e1510775812457.jpg\"><img loading=\"lazy\" decoding=\"async\" width=\"200\" height=\"196\" src=\"https:\/\/przedszkole423.pl\/wp-content\/uploads\/2017\/11\/Mi\u015b-e1510775812457.jpg\" alt=\"\" class=\"wp-image-416\"\/><\/a><\/figure>\n\n\n\n<p><strong>Grupa \u201eMisie\u201d<\/strong> to radosna gromadka czterolatk\u00f3w, do kt\u00f3rej nale\u017cy <strong>25 dzieci \u2013 13 dziewczynek i 12 ch\u0142opc\u00f3w<\/strong>. Dzieci s\u0105 ciekawe \u015bwiata, ch\u0119tnie podejmuj\u0105 nowe wyzwania i z zapa\u0142em uczestnicz\u0105 w zabawach oraz zaj\u0119ciach. Czterolatki ucz\u0105 si\u0119 wsp\u00f3\u0142pracy w grupie, rozwijaj\u0105 umiej\u0119tno\u015b\u0107 dzielenia si\u0119 zabawkami i przestrzegania wsp\u00f3lnych zasad. Z entuzjazmem bior\u0105 udzia\u0142 w zabawach ruchowych, plastycznych i muzycznych. Ch\u0119tnie s\u0142uchaj\u0105 bajek, opowiada\u0144 oraz wierszyk\u00f3w, a tak\u017ce ucz\u0105 si\u0119 prostych piosenek. Grupa cechuje si\u0119 du\u017c\u0105 energi\u0105, spontaniczno\u015bci\u0105 i otwarto\u015bci\u0105. Dzieci coraz lepiej radz\u0105 sobie z samodzielno\u015bci\u0105 \u2013 ubieraj\u0105 si\u0119, dbaj\u0105 o higien\u0119 i porz\u0105dek. Lubi\u0105 wsp\u00f3lne spacery oraz zabawy na \u015bwie\u017cym powietrzu. \u201eMisie\u201d to weso\u0142a i przyjazna grupa, w kt\u00f3rej ka\u017cdy dzie\u0144 przynosi nowe do\u015bwiadczenia, okazje do odkrywania \u015bwiata i budowania pierwszych przyja\u017ani.&nbsp;<\/p>\n\n\n\n<p><strong>ZAMIERZENIA DYDAKTYCZNO-WYCHOWAWCZE<\/strong><\/p>\n\n\n\n<p>KWIECIE\u0143 2026<\/p>\n\n\n\n<ol class=\"wp-block-list\">\n<li>W wiejskiej zagrodzie.<\/li>\n\n\n\n<li>Kolory Wiosny. Tydzie\u0144 \u015bwiadomo\u015bci autyzmu.<\/li>\n\n\n\n<li>Dbamy o zdrowie.<\/li>\n\n\n\n<li>Wiosenny ogr\u00f3d.<\/li>\n<\/ol>\n\n\n\n<p>Planowane dzia\u0142ania dzieci:<br>\u00b7 rozwijanie mowy \u2013 utrwalenie nazewnictwa kolor\u00f3w<br>\u00b7 rozwijanie spostrzegawczo\u015bci wzrokowej<br>\u00b7 sprawne poruszanie si\u0119 w przestrzeni \u2013 p\u0142ynno\u015b\u0107 i zr\u0119czno\u015b\u0107 ruch\u00f3w<br>\u00b7 utrwalenie znajomo\u015bci kolor\u00f3w<br>\u00b7 rozwijanie zainteresowa\u0144 przyrodniczych<br>\u00b7 doskonalenie koordynacji ruchowej<br>\u00b7 rozwijanie kreatywno\u015bci i ekspresji tw\u00f3rczej<br>\u00b7 rozwijanie odporno\u015bci emocjonalnej<br>\u00b7 zauwa\u017canie i akceptowanie r\u00f3\u017cnic w zakresie wybranych obszar\u00f3w funkcjonowania<br>\u00b7 dostrzeganie r\u00f3\u017cnic i podobie\u0144stwa mi\u0119dzy sob\u0105<br>\u00b7 zwi\u0119kszenie poziomu tolerancji i akceptacji inno\u015bci<br>\u00b7 uczenie w\u0142a\u015bciwego sposobu reagowania na inno\u015b\u0107 i pomagania innym<br>\u00b7 podejmowanie pr\u00f3by rysowanie trzema kredkami naraz<br>\u00b7 utrwalanie znajomo\u015b\u0107 liczebnik\u00f3w g\u0142\u00f3wnych i porz\u0105dkowych<br>\u00b7 poznawanie etap\u00f3w wzrostu ro\u015blin<br>\u00b7 utrwalanie znajomo\u015b\u0107 figur geometrycznych<br>\u00b7 udzia\u0142 w zabawach z kodowaniem i dekodowaniem d\u017awi\u0119k\u00f3w, ruch\u00f3w<br>\u00b7 budowanie zaufania i poczucia bezpiecze\u0144stwa<br>\u00b7 rozwijanie umiej\u0119tno\u015bci wyodr\u0119bniania pierwszej g\u0142oski w wyrazie<br>\u00b7 rozwijanie mi\u0119\u015bni obr\u0119czy barkowej i tu\u0142owia<br>\u00b7 wzbogacanie czynnego s\u0142ownika o wyrazy zwi\u0105zane ze zdrowiem<br>\u00b7 rozwijanie postawy prozdrowotnej<br>\u00b7 rozwijanie kreatywno\u015bci i ekspresji tw\u00f3rczej<br>\u00b7 rozwijanie umiej\u0119tno\u015bci wsp\u00f3\u0142pracy w zespole<br>\u00b7 utrwalanie zasady zdrowego od\u017cywiania<br>\u00b7 poznanie nazwy narz\u0119dzi ogrodniczych<br>\u00b7 zapoznanie zwyczaje i tradycje wielkanocne.<\/p>\n\n\n\n<p><strong>Harmonogram wydarze\u0144 planowanych w KWIETNIU<\/strong><\/p>\n\n\n\n<figure class=\"wp-block-table\"><table class=\"has-fixed-layout\"><tbody><tr><td>Niebieskie Igrzyska 2026 <strong>08.- 14.04.2026<\/strong><\/td><\/tr><tr><td>Mi\u0119dzynarodowy Dzie\u0144 Sportu <strong>07.04.2026<\/strong><strong><\/strong><\/td><\/tr><tr><td>Koncert muzyki klasycznej <strong>14.04.2026<\/strong><strong><\/strong><\/td><\/tr><tr><td>Dzie\u0144 Ziemi <strong>23.04.2026 <\/strong><\/td><\/tr><tr><td>Warsztaty z krukiem (cykl spotka\u0144 ze zwierz\u0105tkami) <strong>22.04.2026<\/strong><strong><\/strong><\/td><\/tr><tr><td>Tydzie\u0144 &nbsp;Patriotyczny <strong>27.- 30.04.2026 r.<\/strong> &nbsp;<\/td><\/tr><tr><td>Program profilaktyczny \u201eSzcz\u0119\u015bliwy i \u015bwiadomy przedszkolak\u201d (zaj\u0119cia grupowe z psychologiem przedszkolnym) marzec 2026<\/td><\/tr><tr><td>Akcja \u201eG\u00f3ra Grosza\u201d Towarzystwa Nasz Dom listopad 2025- marzec 2026<\/td><\/tr><\/tbody><\/table><\/figure>\n","protected":false},"excerpt":{"rendered":"<p>Grupa \u201eMisie\u201d to radosna gromadka czterolatk\u00f3w, do kt\u00f3rej nale\u017cy 25 dzieci \u2013 13 dziewczynek i 12 ch\u0142opc\u00f3w. Dzieci s\u0105 ciekawe \u015bwiata, ch\u0119tnie podejmuj\u0105 nowe wyzwania i z zapa\u0142em uczestnicz\u0105 w zabawach oraz zaj\u0119ciach. Czterolatki ucz\u0105 si\u0119 wsp\u00f3\u0142pracy w grupie, rozwijaj\u0105 &hellip; <\/p>\n","protected":false},"author":1,"featured_media":0,"parent":17,"menu_order":0,"comment_status":"closed","ping_status":"closed","template":"","meta":{"footnotes":""},"class_list":["post-21","page","type-page","status-publish","hentry"],"_links":{"self":[{"href":"https:\/\/przedszkole423.pl\/index.php?rest_route=\/wp\/v2\/pages\/21","targetHints":{"allow":["GET"]}}],"collection":[{"href":"https:\/\/przedszkole423.pl\/index.php?rest_route=\/wp\/v2\/pages"}],"about":[{"href":"https:\/\/przedszkole423.pl\/index.php?rest_route=\/wp\/v2\/types\/page"}],"author":[{"embeddable":true,"href":"https:\/\/przedszkole423.pl\/index.php?rest_route=\/wp\/v2\/users\/1"}],"replies":[{"embeddable":true,"href":"https:\/\/przedszkole423.pl\/index.php?rest_route=%2Fwp%2Fv2%2Fcomments&post=21"}],"version-history":[{"count":143,"href":"https:\/\/przedszkole423.pl\/index.php?rest_route=\/wp\/v2\/pages\/21\/revisions"}],"predecessor-version":[{"id":9166,"href":"https:\/\/przedszkole423.pl\/index.php?rest_route=\/wp\/v2\/pages\/21\/revisions\/9166"}],"up":[{"embeddable":true,"href":"https:\/\/przedszkole423.pl\/index.php?rest_route=\/wp\/v2\/pages\/17"}],"wp:attachment":[{"href":"https:\/\/przedszkole423.pl\/index.php?rest_route=%2Fwp%2Fv2%2Fmedia&parent=21"}],"curies":[{"name":"wp","href":"https:\/\/api.w.org\/{rel}","templated":true}]}}