{"id":23,"date":"2017-10-29T10:30:01","date_gmt":"2017-10-29T10:30:01","guid":{"rendered":"https:\/\/przedszkole423.pl\/?page_id=23"},"modified":"2026-03-31T11:15:25","modified_gmt":"2026-03-31T11:15:25","slug":"pszczolki","status":"publish","type":"page","link":"https:\/\/przedszkole423.pl\/?page_id=23","title":{"rendered":"Pszcz\u00f3\u0142ki"},"content":{"rendered":"<div class=\"wp-block-image\">\n<figure class=\"alignleft size-full\"><a href=\"https:\/\/przedszkole423.pl\/wp-content\/uploads\/2023\/09\/pszczolka.jpg\"><img loading=\"lazy\" decoding=\"async\" width=\"226\" height=\"223\" src=\"https:\/\/przedszkole423.pl\/wp-content\/uploads\/2023\/09\/pszczolka.jpg\" alt=\"\" class=\"wp-image-6938\" srcset=\"https:\/\/przedszkole423.pl\/wp-content\/uploads\/2023\/09\/pszczolka.jpg 226w, https:\/\/przedszkole423.pl\/wp-content\/uploads\/2023\/09\/pszczolka-186x185.jpg 186w, https:\/\/przedszkole423.pl\/wp-content\/uploads\/2023\/09\/pszczolka-60x60.jpg 60w\" sizes=\"auto, (max-width: 226px) 100vw, 226px\" \/><\/a><\/figure><\/div>\n\n\n<p>Jeste\u015bmy ju\u017c pi\u0119ciolatkami. Wsp\u00f3lnie z naszymi paniami rozpoczynamy trzeci rok w przedszkolu. Bardzo lubimy tutaj sp\u0119dza\u0107 czas. Bez trudu rozstajemy si\u0119 z rodzicami. Coraz \u015bmielej bierzemy udzia\u0142 w konkursach. Znamy ju\u017c doskonale nasze przedszkole i panuj\u0105ce zasady w grupie. Uczymy si\u0119 wsp\u00f3\u0142pracowa\u0107 w grupie i pomaga\u0107 sobie nawzajem. Bardzo lubimy, gdy panie i rodzice czytaj\u0105 nam popo\u0142udniu ksi\u0105\u017cki.&nbsp;<\/p>\n\n\n\n<p>Budujemy coraz ciekawsze konstrukcje z klock\u00f3w, a nasze rysunki to barwna i ciekawa opowie\u015b\u0107 (tyle w nich szczeg\u00f3\u0142\u00f3w). Dbamy o nasze zdrowie, uczestniczymy w gimnastyce i sp\u0119dzamy czas w ogrodzie przedszkolnym. Pani Ola uczy nas, poprzez zabaw\u0119, j\u0119zyka angielskiego, a z pani\u0105 Ma\u0142gosi\u0105 realizujemy innowacj\u0119 pedagogiczn\u0105 \u201eZabawy sensoryczne na cztery pory roku\u201d.&nbsp;&nbsp;<\/p>\n\n\n\n<p>W codziennych czynno\u015bciach pomagaj\u0105 nam pani Dorota&nbsp; i pani Ela.&nbsp;<\/p>\n\n\n\n<p><strong>Bloki tematyczne poruszane podczas zaj\u0119\u0107 w KWIETNIU<\/strong><\/p>\n\n\n\n<p><strong>1. Rozw\u00f3j spo\u0142eczno-emocjonalny\u202f<\/strong><br>Budowanie przyjaznej atmosfery w grupie i wzmacnianie umiej\u0119tno\u015bci wsp\u00f3\u0142pracy.\u202f<br>\u0106wiczenie umiej\u0119tno\u015bci rozpoznawania, nazywania i wyra\u017cania emocji.\u202f<br>Wspieranie dzieci nie\u015bmia\u0142ych w aktywnym udziale w zabawach.\u202f<br>Wdra\u017canie do kulturalnego komunikowania si\u0119, m\u00f3wienia umiarkowanym g\u0142osem, dzielenia si\u0119 zabawkami i dbania o porz\u0105dek.\u202f<br><strong>\u202f2. Rozw\u00f3j poznawczy i j\u0119zykowy\u202f<\/strong><br>Rozwijanie s\u0142uchu fonematycznego, analizy i syntezy sylabowej oraz budowania poprawnych wypowiedzi.\u202f<br>S\u0142uchanie opowiada\u0144, bajek i wierszy \u2014 rozwijanie umiej\u0119tno\u015bci skupienia uwagi i zapami\u0119tywania tre\u015bci.\u202f<br>\u0106wiczenia wnioskowania, por\u00f3wnywania, rozpoznawania g\u0142os\u00f3w oraz odgadywania zagadek.\u202f<br><strong>\u202f3. Rozw\u00f3j sprawno\u015bci manualnej i artystycznej\u202f<\/strong><br>Doskonalenie grafomotoryki poprzez rysowanie po \u015bladzie, kolorowanie, wycinanie, stemplowanie oraz \u0107wiczenia oddechowe i artykulacyjne.\u202f<br>Kszta\u0142towanie zami\u0142owania do tw\u00f3rczej pracy, dba\u0142o\u015bci o estetyk\u0119 i dok\u0142adno\u015b\u0107.\u202f<br><strong>\u202f4. Rozw\u00f3j matematyczny\u202f<\/strong><br>\u0106wiczenie liczenia, por\u00f3wnywania liczebno\u015bci, klasyfikowania przedmiot\u00f3w i tworzenia zbior\u00f3w.<br>Doskonalenie spostrzegawczo\u015bci, percepcji wzrokowej oraz logicznego my\u015blenia poprzez wyszukiwanie r\u00f3\u017cnic i kodowanie obrazk\u00f3w.\u202f<br>\u202f<strong>5. Rozw\u00f3j ruchowy i zdrowotny\u202f<\/strong><br>Codzienne aktywno\u015bci ruchowe: zabawy bie\u017cne, orientacyjno-porz\u0105dkowe, gimnastyka og\u00f3lnorozwojowa, skoki, \u0107wiczenia r\u00f3wnowa\u017cne, zabawy z elementami rytmiki i logorytmiki.\u202f<br>Doskonalenie koordynacji wzrokowo-ruchowej oraz si\u0142y i sprawno\u015bci fizycznej.\u202f<br>Utrwalanie zasad bezpiecze\u0144stwa.\u202f <\/p>\n\n\n\n<p><strong>6.Wychowanie przez tradycj\u0119 i kultur\u0119\u202f<\/strong><br>Kszta\u0142towanie szacunku do tradycji rodzinnych i przedszkolnych.\u202f<br>Poznaje i piel\u0119gnuje tradycje wielkanocne przygotowania, ozdoby, znaczenie symboli \u015bwi\u0105tecznych.<br>wspieranie oraz promowanie integracji i aktywizacji spo\u0142eczno\u015bci os\u00f3b z niepe\u0142nosprawno\u015bci\u0105.<\/p>\n\n\n\n<ol class=\"wp-block-list\"><\/ol>\n\n\n\n<ol class=\"wp-block-list\"><\/ol>\n\n\n\n<p><strong>HARMONOGRAM WYDARZE\u0143 W KWIETNIU<\/strong><\/p>\n\n\n\n<figure class=\"wp-block-table\"><table class=\"has-fixed-layout\"><tbody><tr><td><strong>08.04-14.04<\/strong> Niebieskie Igrzyska<\/td><\/tr><tr><td><strong>07.04 <\/strong>Mi\u0119dzynarodowy Dzie\u0144 Sportu<\/td><\/tr><tr><td><strong>14.04<\/strong> Koncert muzyki klasycznej<\/td><\/tr><tr><td><strong>15.04<\/strong> Eliminacje do konkursu recytatorskiego pt.\u00a0 \u201eKocham poezj\u0119\u201d<\/td><\/tr><tr><td><strong>20.04<\/strong> Fina\u0142 konkursu recytatorskiego pt. \u201eKocham poezj\u0119\u201d<\/td><\/tr><tr><td><strong>22.04<\/strong> Warsztaty ze zwierz\u0119tami- Kruk.<\/td><\/tr><tr><td><strong>23.04<\/strong> Dzie\u0144 Ziemi<\/td><\/tr><tr><td><strong>27.04-30.04<\/strong> Warsztaty patriotyczne<\/td><\/tr><tr><td>Program profilaktyczny \u201eSzcz\u0119\u015bliwy i \u015bwiadomy przedszkolak\u201d<\/td><\/tr><tr><td>Konkurs ekologiczny<\/td><\/tr><\/tbody><\/table><\/figure>\n","protected":false},"excerpt":{"rendered":"<p>Jeste\u015bmy ju\u017c pi\u0119ciolatkami. Wsp\u00f3lnie z naszymi paniami rozpoczynamy trzeci rok w przedszkolu. Bardzo lubimy tutaj sp\u0119dza\u0107 czas. Bez trudu rozstajemy si\u0119 z rodzicami. Coraz \u015bmielej bierzemy udzia\u0142 w konkursach. Znamy ju\u017c doskonale nasze przedszkole i panuj\u0105ce zasady w grupie. Uczymy &hellip; <\/p>\n","protected":false},"author":1,"featured_media":0,"parent":17,"menu_order":4,"comment_status":"closed","ping_status":"closed","template":"","meta":{"footnotes":""},"class_list":["post-23","page","type-page","status-publish","hentry"],"_links":{"self":[{"href":"https:\/\/przedszkole423.pl\/index.php?rest_route=\/wp\/v2\/pages\/23","targetHints":{"allow":["GET"]}}],"collection":[{"href":"https:\/\/przedszkole423.pl\/index.php?rest_route=\/wp\/v2\/pages"}],"about":[{"href":"https:\/\/przedszkole423.pl\/index.php?rest_route=\/wp\/v2\/types\/page"}],"author":[{"embeddable":true,"href":"https:\/\/przedszkole423.pl\/index.php?rest_route=\/wp\/v2\/users\/1"}],"replies":[{"embeddable":true,"href":"https:\/\/przedszkole423.pl\/index.php?rest_route=%2Fwp%2Fv2%2Fcomments&post=23"}],"version-history":[{"count":146,"href":"https:\/\/przedszkole423.pl\/index.php?rest_route=\/wp\/v2\/pages\/23\/revisions"}],"predecessor-version":[{"id":9164,"href":"https:\/\/przedszkole423.pl\/index.php?rest_route=\/wp\/v2\/pages\/23\/revisions\/9164"}],"up":[{"embeddable":true,"href":"https:\/\/przedszkole423.pl\/index.php?rest_route=\/wp\/v2\/pages\/17"}],"wp:attachment":[{"href":"https:\/\/przedszkole423.pl\/index.php?rest_route=%2Fwp%2Fv2%2Fmedia&parent=23"}],"curies":[{"name":"wp","href":"https:\/\/api.w.org\/{rel}","templated":true}]}}