{"id":25,"date":"2017-10-29T10:30:12","date_gmt":"2017-10-29T10:30:12","guid":{"rendered":"https:\/\/przedszkole423.pl\/?page_id=25"},"modified":"2026-03-31T11:16:44","modified_gmt":"2026-03-31T11:16:44","slug":"zabki","status":"publish","type":"page","link":"https:\/\/przedszkole423.pl\/?page_id=25","title":{"rendered":"Krasnale"},"content":{"rendered":"<p><a href=\"https:\/\/przedszkole423.pl\/wp-content\/uploads\/2019\/09\/16816.jpg\"><img loading=\"lazy\" decoding=\"async\" class=\"size-medium wp-image-3581 alignleft\" src=\"https:\/\/przedszkole423.pl\/wp-content\/uploads\/2019\/09\/16816-212x300.jpg\" alt=\"\" width=\"212\" height=\"300\" srcset=\"https:\/\/przedszkole423.pl\/wp-content\/uploads\/2019\/09\/16816-212x300.jpg 212w, https:\/\/przedszkole423.pl\/wp-content\/uploads\/2019\/09\/16816-768x1086.jpg 768w, https:\/\/przedszkole423.pl\/wp-content\/uploads\/2019\/09\/16816-724x1024.jpg 724w\" sizes=\"auto, (max-width: 212px) 100vw, 212px\" \/><\/a><\/p>\n<\/p>\n\n\n<p>\u201eKrasnale\u201d to grupa 23 pe\u0142nych energii sze\u015bciolatk\u00f3w, kt\u00f3re w tym roku odkrywaj\u0105 \u015bwiat jako zer\u00f3wka. \u201eKrasnale\u201d s\u0105 radosne i \u017cywio\u0142owe \u2013 uwielbiaj\u0105 prace plastyczne, zabawy ruchowe i wsp\u00f3lne dzia\u0142ania pe\u0142ne u\u015bmiechu. Opiek\u0119 nad grup\u0105 sprawuj\u0105 wychowawczynie: pani Ola i pani Karina, kt\u00f3re z u\u015bmiechem wspieraj\u0105 dzieci w codziennych wyzwaniach i przygotowuj\u0105 je do szkolnej przygody. W codziennym funkcjonowaniu grupy pomagaj\u0105 tak\u017ce pani Wiola \u2013 pomoc nauczyciela oraz pani Lesia \u2013 pani wo\u017ana, kt\u00f3re r\u00f3wnie\u017c troszcz\u0105 si\u0119 o dobr\u0105 atmosfer\u0119 i bezpiecze\u0144stwo dzieci.&nbsp;<\/p>\n\n\n\n<p>&nbsp;&nbsp;&nbsp;&nbsp;&nbsp;&nbsp;&nbsp;&nbsp;&nbsp;&nbsp;&nbsp;&nbsp;&nbsp;&nbsp;&nbsp;&nbsp;&nbsp;&nbsp;&nbsp;&nbsp;&nbsp;&nbsp;&nbsp;&nbsp;&nbsp;&nbsp;&nbsp;&nbsp;&nbsp;&nbsp;&nbsp;&nbsp;&nbsp;&nbsp;&nbsp;&nbsp;&nbsp;&nbsp;&nbsp;&nbsp;&nbsp;&nbsp;&nbsp;&nbsp;&nbsp;&nbsp;&nbsp;&nbsp;&nbsp;&nbsp;&nbsp;&nbsp;&nbsp;&nbsp;&nbsp;&nbsp;&nbsp;&nbsp;&nbsp;&nbsp;&nbsp;&nbsp;&nbsp;&nbsp;<\/p>\n\n\n\n<p><strong>Zamierzenia dydaktyczno-wychowawcze<\/strong>&nbsp;<\/p>\n\n\n\n<p><strong>KWIECIE\u0143 2026 r.<\/strong>&nbsp;<\/p>\n\n\n\n<ol class=\"wp-block-list\">\n<li>Wielkanoc<\/li>\n\n\n\n<li>Z ksi\u0105\u017ck\u0105 za pan brat<\/li>\n\n\n\n<li>Kosmos<\/li>\n\n\n\n<li>Ziemia \u2013 moja planeta<br>Og\u00f3lne cele wychowawczo-dydaktyczne:<br>Fizyczny obszar rozwoju dziecka:<br>\u2022 Kszta\u0142towanie \u015bwiadomo\u015bci oddechowej.<br>\u2022 Usprawnianie aparatu artykulacyjnego.<br>\u2022 Rozwijanie motoryki ma\u0142ej.<br>\u2022 Doskonalenie umiej\u0119tno\u015bci pos\u0142ugiwania si\u0119 no\u017cyczkami.<br>\u2022 Kszta\u0142towanie nawyku aktywnego sp\u0119dzania czasu na \u015bwie\u017cym powietrzu jako jednego ze sposob\u00f3w na popraw\u0119 humoru.<br>\u2022 Zach\u0119canie do zdrowego stylu \u017cycia, aktywno\u015bci ruchowej i intelektualnej.<br>\u2022 Wdra\u017canie do przebywania na \u015bwie\u017cym powietrzu, niezale\u017cnie od warunk\u00f3w atmosferycznych.<br>\u2022 Rozwijanie \u015bwiadomo\u015bci cia\u0142a i orientacji przestrzennej.<br>\u2022 Rozwijanie og\u00f3lnej sprawno\u015bci dziecka.<br>\u2022 Stymulowanie rozwoju funkcji percepcyjnych.<br>\u2022 Rozwijanie koordynacji wzrokowo-ruchowo-s\u0142uchowej.<br>\u2022 Rozwijanie pami\u0119ci i percepcji wzrokowej i s\u0142uchowej.<br>\u2022 Rozwijanie umiej\u0119tno\u015bci koncentrowania si\u0119 na okre\u015blonej czynno\u015bci.<br>Emocjonalny obszar rozwoju dziecka<br>\u2022 Budowanie wiary we w\u0142asne mo\u017cliwo\u015bci, poczucia w\u0142asnej warto\u015bci, pozytywnego obrazu siebie.<br>\u2022 Rozwijanie umiej\u0119tno\u015bci nazywania w\u0142asnych sukces\u00f3w, m\u00f3wienia o sobie w pozytywny spos\u00f3b.<br>\u2022 Kszta\u0142towanie odporno\u015bci emocjonalnej.<br>\u2022 Budowanie wiedzy na temat s\u0142awy i jej konsekwencji.<br>\u2022 Rozwijanie empatii \u2013 uwra\u017cliwienie na potrzeby wszystkich zwierz\u0105t.<br>Spo\u0142eczny obszar rozwoju dziecka:<br>\u2022 Wdra\u017canie do poznawania samego siebie (mocnych stron i s\u0142abych stron).<br>\u2022 Wdra\u017canie do zgodnej zabawy.<br>\u2022 Kszta\u0142towanie w\u0142a\u015bciwej postawy dzieci wobec pracy w aspekcie motywacji, kompetencji i zaanga\u017cowania.<br>\u2022 Kszta\u0142towanie szacunku do ludzi, do pracy oraz jej wytwor\u00f3w.<br>\u2022 Kszta\u0142towanie odpowiedzialno\u015bci za w\u0142asne bezpiecze\u0144stwo podczas zabaw.<br>\u2022 Rozwijanie zainteresowa\u0144, umiej\u0119tno\u015bci i uzdolnie\u0144 adekwatnych do mo\u017cliwo\u015bci dzieci.<br>\u2022 Doskonalenie umiej\u0119tno\u015bci wyra\u017cania szacunku i wdzi\u0119czno\u015bci.<br>\u2022 Stymulowanie do podejmowania samodzielnej dzia\u0142alno\u015bci w zakresie poznawania rzeczywisto\u015bci przyrodniczej poprzez obserwowanie i odkrywanie.<br>Poznawczy obszar rozwoju dziecka<br>\u2022 Budowanie wiedzy o otaczaj\u0105cym \u015bwiecie.<br>\u2022 Wzbogacanie wiedzy przyrodniczej \u2013 rozumienia zjawisk i zmian zachodz\u0105cych w przyrodzie zwi\u0105zanych z porami roku.<br>\u2022 Rozwijanie mowy i my\u015blenia, w tym my\u015blenia przyczynowo-skutkowego.<br>\u2022 Stymulowanie do tw\u00f3rczych dzia\u0142a\u0144 werbalnych (zabawy s\u0142owem, tworzenie rymowanek, tworzenie historyjek i opowiada\u0144).<br>\u2022 Wzbogacanie biernego i czynnego s\u0142ownictwa dziecka o zwroty i wyra\u017cenia zwi\u0105zane z zawodami wykonywanymi przez s\u0142awne kobiety, z zawodami wykonywanymi przez m\u0119\u017cczyzn, z nauk\u0105 i prac\u0105 naukowca, z ogrodem i hodowl\u0105 ro\u015blin, z pogod\u0105, z prac\u0105 rolnika.<br>\u2022 Rozwijanie zainteresowa\u0144 tematyk\u0105 zawod\u00f3w i rynkiem pracy.<br>\u2022 Zapoznanie z zawodami, wykonywane przez kobiety, w tym mamy i babcie, oraz przez m\u0119\u017cczyzn, w tym tatusi\u00f3w i dziadk\u00f3w.<br>\u2022 Rozwijanie zainteresowa\u0144 technicznych i przyrodniczych.<br>\u2022 Zapoznanie z r\u00f3\u017cnymi zjawiskami przyrodniczo-fizycznymi poprzez przeprowadzanie prostych do\u015bwiadcze\u0144.<br>\u2022 Stymulowanie do projektowania i wykonywania prostych urz\u0105dze\u0144 i obiekt\u00f3w, budowania modeli wizualnych.<br>\u2022 Rozwijanie kreatywno\u015bci i pomys\u0142owo\u015bci.<br>\u2022 Rozwijanie my\u015blenia matematycznego.<br>\u2022 Kszta\u0142towanie poj\u0119cia liczby.<br>\u2022 Wdra\u017canie do poprawnego pos\u0142ugiwania si\u0119 terminami matematycznymi.<br>\u2022 Uporz\u0105dkowanie wiedzy o figurach geometrycznych.<br>\u2022 Rozwijanie umiej\u0119tno\u015bci rytmicznych i wokalnych oraz wra\u017cliwo\u015bci artystycznej.<br>\u2022 Wszechstronne i harmonijne wspieranie aktywno\u015bci plastycznej i tw\u00f3rczej dziecka.<br>\u2022 Rozwijanie umiej\u0119tno\u015bci gry na instrumentach perkusyjnych.<br>\u2022 Uwra\u017cliwianie na nastr\u00f3j, charakter, budow\u0119 utworu.<br>\u2022 Kszta\u0142towanie umiej\u0119tno\u015bci s\u0142u\u017c\u0105cych zdobywaniu wiedzy.<br>\u2022 rozpoznawanie liter drukowanych i pisanych \u2013 ma\u0142ych i wielkich (litery: r, R, j, J,).<\/li>\n<\/ol>\n\n\n\n<p><strong>Harmonogram wydarze\u0144 planowanych &#8211; KWIECIE\u0143 2026<\/strong><\/p>\n\n\n\n<figure class=\"wp-block-table\"><table class=\"has-fixed-layout\"><tbody><tr><td>\u015awiatowy Dzie\u0144 wiadomo\u015bci Autyzmu (Niebieskie Igrzyska) <strong>08 &#8211; 14.04.2026<\/strong><\/td><\/tr><tr><td>Mi\u0119dzynarodowy Dzie\u0144 Sportu <strong>07.04.2026<\/strong><\/td><\/tr><tr><td>Dzie\u0144 Ziemi <strong>23.04.2026<\/strong><\/td><\/tr><tr><td>Program profilaktyczny \u201eSzcz\u0119\u015bliwy i \u015bwiadomy przedszkolak\u201d (zaj\u0119cia grupowe z psychologiem przedszkolnym)<\/td><\/tr><tr><td>Warsztaty&nbsp; patriotyczne 27 \u2013 30.04.2026<\/td><\/tr><\/tbody><\/table><\/figure>\n","protected":false},"excerpt":{"rendered":"<p>\u201eKrasnale\u201d to grupa 23 pe\u0142nych energii sze\u015bciolatk\u00f3w, kt\u00f3re w tym roku odkrywaj\u0105 \u015bwiat jako zer\u00f3wka. \u201eKrasnale\u201d s\u0105 radosne i \u017cywio\u0142owe \u2013 uwielbiaj\u0105 prace plastyczne, zabawy ruchowe i wsp\u00f3lne dzia\u0142ania pe\u0142ne u\u015bmiechu. Opiek\u0119 nad grup\u0105 sprawuj\u0105 wychowawczynie: pani Ola i pani &hellip; <\/p>\n","protected":false},"author":1,"featured_media":0,"parent":17,"menu_order":3,"comment_status":"closed","ping_status":"closed","template":"","meta":{"footnotes":""},"class_list":["post-25","page","type-page","status-publish","hentry"],"_links":{"self":[{"href":"https:\/\/przedszkole423.pl\/index.php?rest_route=\/wp\/v2\/pages\/25","targetHints":{"allow":["GET"]}}],"collection":[{"href":"https:\/\/przedszkole423.pl\/index.php?rest_route=\/wp\/v2\/pages"}],"about":[{"href":"https:\/\/przedszkole423.pl\/index.php?rest_route=\/wp\/v2\/types\/page"}],"author":[{"embeddable":true,"href":"https:\/\/przedszkole423.pl\/index.php?rest_route=\/wp\/v2\/users\/1"}],"replies":[{"embeddable":true,"href":"https:\/\/przedszkole423.pl\/index.php?rest_route=%2Fwp%2Fv2%2Fcomments&post=25"}],"version-history":[{"count":143,"href":"https:\/\/przedszkole423.pl\/index.php?rest_route=\/wp\/v2\/pages\/25\/revisions"}],"predecessor-version":[{"id":9168,"href":"https:\/\/przedszkole423.pl\/index.php?rest_route=\/wp\/v2\/pages\/25\/revisions\/9168"}],"up":[{"embeddable":true,"href":"https:\/\/przedszkole423.pl\/index.php?rest_route=\/wp\/v2\/pages\/17"}],"wp:attachment":[{"href":"https:\/\/przedszkole423.pl\/index.php?rest_route=%2Fwp%2Fv2%2Fmedia&parent=25"}],"curies":[{"name":"wp","href":"https:\/\/api.w.org\/{rel}","templated":true}]}}