{"id":3437,"date":"2019-05-28T11:23:24","date_gmt":"2019-05-28T11:23:24","guid":{"rendered":"https:\/\/przedszkole423.pl\/?page_id=3437"},"modified":"2025-12-31T12:10:36","modified_gmt":"2025-12-31T12:10:36","slug":"bezpieczenstwo","status":"publish","type":"page","link":"https:\/\/przedszkole423.pl\/?page_id=3437","title":{"rendered":"Bezpiecze\u0144stwo"},"content":{"rendered":"\n<p> W zwi\u0105zku z licznymi pytaniami o spos\u00f3b zapewnienia bezpiecze\u0144stwa dzieci w plac\u00f3wkach edukacyjnych informujemy, \u017ce<a rel=\"noreferrer noopener\" href=\"http:\/\/www.bezpiecznaszkola.men.gov.pl\/\" target=\"_blank\"> pod tym adresem <\/a>znajdziecie Pa\u0144stwo wszystkie informacje na temat &#8222;Programu Bezpieczna Szko\u0142a +&#8221;.  <\/p>\n\n\n\n<p><a href=\"https:\/\/przedszkole423.pl\/wp-content\/uploads\/2023\/09\/PROCEDURY-BEZPIECZENSTWA-OBOWIAZUJACE-W-P243.pdf\">Procedury bezpiecze\u0144stwa obowi\u0105zuj\u0105ce w Przedszkolu nr 423 <\/a><\/p>\n\n\n\n<p><a href=\"https:\/\/przedszkole423.pl\/wp-content\/uploads\/2024\/02\/procedura-bezpieczenstwa-word-2-1.pdf\" target=\"_blank\" rel=\"noreferrer noopener\">Procedura post\u0119powania w przypadku agresywnego zachowania dziecka w przedszkolu <\/a><\/p>\n\n\n\n<figure class=\"wp-block-image\"><a href=\"https:\/\/www.niebieskalinia.pl\/\" target=\"_blank\" rel=\"noreferrer noopener\"><img loading=\"lazy\" decoding=\"async\" width=\"240\" height=\"174\" src=\"https:\/\/przedszkole423.pl\/wp-content\/uploads\/2019\/05\/logo_Niebieska_Linia.png\" alt=\"Niebieska linia\" class=\"wp-image-3439\"\/><\/a><\/figure>\n","protected":false},"excerpt":{"rendered":"<p>W zwi\u0105zku z licznymi pytaniami o spos\u00f3b zapewnienia bezpiecze\u0144stwa dzieci w plac\u00f3wkach edukacyjnych informujemy, \u017ce pod tym adresem znajdziecie Pa\u0144stwo wszystkie informacje na temat &#8222;Programu Bezpieczna Szko\u0142a +&#8221;. Procedury bezpiecze\u0144stwa obowi\u0105zuj\u0105ce w Przedszkolu nr 423 Procedura post\u0119powania w przypadku agresywnego &hellip; <\/p>\n","protected":false},"author":2,"featured_media":0,"parent":0,"menu_order":0,"comment_status":"closed","ping_status":"closed","template":"","meta":{"footnotes":""},"class_list":["post-3437","page","type-page","status-publish","hentry"],"_links":{"self":[{"href":"https:\/\/przedszkole423.pl\/index.php?rest_route=\/wp\/v2\/pages\/3437","targetHints":{"allow":["GET"]}}],"collection":[{"href":"https:\/\/przedszkole423.pl\/index.php?rest_route=\/wp\/v2\/pages"}],"about":[{"href":"https:\/\/przedszkole423.pl\/index.php?rest_route=\/wp\/v2\/types\/page"}],"author":[{"embeddable":true,"href":"https:\/\/przedszkole423.pl\/index.php?rest_route=\/wp\/v2\/users\/2"}],"replies":[{"embeddable":true,"href":"https:\/\/przedszkole423.pl\/index.php?rest_route=%2Fwp%2Fv2%2Fcomments&post=3437"}],"version-history":[{"count":11,"href":"https:\/\/przedszkole423.pl\/index.php?rest_route=\/wp\/v2\/pages\/3437\/revisions"}],"predecessor-version":[{"id":8894,"href":"https:\/\/przedszkole423.pl\/index.php?rest_route=\/wp\/v2\/pages\/3437\/revisions\/8894"}],"wp:attachment":[{"href":"https:\/\/przedszkole423.pl\/index.php?rest_route=%2Fwp%2Fv2%2Fmedia&parent=3437"}],"curies":[{"name":"wp","href":"https:\/\/api.w.org\/{rel}","templated":true}]}}