{"id":970,"date":"2018-02-20T13:02:03","date_gmt":"2018-02-20T13:02:03","guid":{"rendered":"https:\/\/przedszkole423.pl\/?page_id=970"},"modified":"2026-02-27T12:36:27","modified_gmt":"2026-02-27T12:36:27","slug":"dyzur-wakacyjny","status":"publish","type":"page","link":"https:\/\/przedszkole423.pl\/?page_id=970","title":{"rendered":"Wakacje"},"content":{"rendered":"\n<p>Zapisy na dy\u017cur wakacyjny do przedszkoli, oddzia\u0142\u00f3w przedszkolnych rozpoczn\u0105 si\u0119<\/p>\n\n\n\n<p><strong>18 marca br. o godz. 12.00<\/strong>&nbsp;i prowadzone b\u0119d\u0105 za pomoc\u0105 elektronicznego systemu dost\u0119pnego pod adresem:<\/p>\n\n\n\n<p><a href=\"https:\/\/rekrutacje-warszawa.pzo.edu.pl\/vacatio-public\/\">rekrutacje-warszawa.pzo.edu.pl<\/a><\/p>\n\n\n\n<p><strong>Rodzice\/prawni opiekunowie dzieci, kt\u00f3re ju\u017c ucz\u0119szczaj\u0105 do przedszkola\/oddzia\u0142u przedszkolnego&nbsp;w szkole i jednocze\u015bnie uczestnicz\u0105 w rekrutacji&nbsp;<\/strong>na rok 2026\/2027 do przedszkoli, oddzia\u0142\u00f3w przedszkolnych lub klas pierwszych szk\u00f3\u0142 podstawowych, korzystaj\u0105 z utworzonego loginu i has\u0142a&nbsp;do systemu rekrutacyjnego;<\/p>\n\n\n\n<p><strong>Rodzice\/prawni opiekunowie dzieci, kt\u00f3re nie bior\u0105&nbsp;<\/strong>udzia\u0142u w rekrutacji korzystaj\u0105 z zak\u0142adki<strong>&nbsp;<\/strong><strong>&#8222;Zarejestruj si\u0119&#8221;.<\/strong><\/p>\n\n\n\n<p><strong>Rejestracja wniosk\u00f3w<\/strong>&nbsp;w systemie potrwa&nbsp;<strong>do 3 kwietnia do godz. 20.00<\/strong>.&nbsp;Po tym terminie nie b\u0119dzie mo\u017cliwe wprowadzenie nowych wniosk\u00f3w.<\/p>\n\n\n\n<p><strong><\/strong><strong>Z\u0142o\u017cenie wniosk\u00f3w<\/strong><strong>&nbsp;<\/strong>o przyj\u0119cie na dy\u017cur wakacyjny do przedszkola\/oddzia\u0142u przedszkolnego potrwa&nbsp;<strong>do 8 kwietnia do godz. 16.00.<\/strong><br>Wniosek podpisany profilem zaufanym rodzice przekazuj\u0105 za po\u015brednictwem elektronicznego systemu zapisu lub wersj\u0119 papierow\u0105 wniosku sk\u0142adaj\u0105 w przedszkolu\/szkole pierwszego wyboru.<\/p>\n\n\n\n<p><strong>Przed wype\u0142nieniem wniosku prosimy o zapoznanie si\u0119 z zasadami oraz harmonogramem zapis\u00f3w.<\/strong><\/p>\n\n\n\n<p><strong><a href=\"https:\/\/przedszkole423.pl\/wp-content\/uploads\/2026\/02\/Zasady_zapisow_na_opieke_wakacyjna_2026.pdf\" target=\"_blank\" rel=\"noreferrer noopener\">ZASADY<\/a><\/strong><\/p>\n\n\n\n<p><strong><a href=\"https:\/\/przedszkole423.pl\/wp-content\/uploads\/2026\/02\/NA-STRONE2a.-Harmonogram-zapisu-na-dyzury-wakacyjne_2026.pdf\" target=\"_blank\" rel=\"noreferrer noopener\">HARMONOGRAM<\/a><\/strong><\/p>\n\n\n\n<p>Terminy dy\u017cur\u00f3w wakacyjnych przedszkoli w naszej Dzielnicy<\/p>\n\n\n\n<figure class=\"wp-block-table\"><table class=\"has-fixed-layout\"><tbody><tr><td>&nbsp; I TURNUS<\/td><td><strong>1 lipca \u2013 17 lipca<\/strong><\/td><td>PRZEDSZKOLE NR 158 PRZEDSZKOLE NR 243<\/td><td>lokalizacja macierzysta lokalizacja macierzysta<\/td><\/tr><tr><td>&nbsp; II TURNUS<\/td><td><strong>20 lipca \u2013 7 sierpnia<\/strong><\/td><td>PRZEDSZKOLE NR 160<\/td><td>lokalizacja macierzysta<\/td><\/tr><tr><td>&nbsp; III TURNUS<\/td><td><strong>10 sierpnia \u2013 28 sierpnia<\/strong><\/td><td>PRZEDSZKOLE NR 376 PRZEDSZKOLE NR 423<\/td><td>Inna lokalizacja \u2013 P243 lokalizacja macierzysta<\/td><\/tr><\/tbody><\/table><\/figure>\n\n\n\n<p>Zgodnie z przepisami przedszkole funkcjonuje przez ca\u0142y rok szkolny, z wyj\u0105tkiem przerw ustalonych przez organ prowadz\u0105cy przedszkole, na wsp\u00f3lny wniosek dyrektora przedszkola i rady przedszkola lub rady rodzic\u00f3w.<\/p>\n\n\n\n<p>W lipcu i sierpniu 2026 r. przedszkola i oddzia\u0142y przedszkolne w szko\u0142ach podstawowych zorganizuj\u0105 zaj\u0119cia przez 3 tygodnie.<\/p>\n\n\n\n<p><strong>31 sierpnia 2026 r. b\u0119dzie dniem przerwy<\/strong> w funkcjonowaniu wszystkich przedszkoli\/oddzia\u0142\u00f3w przedszkolnych w szko\u0142ach prowadzonych przez m.st. Warszaw\u0119.<\/p>\n\n\n\n<p><\/p>\n\n\n\n<p><\/p>\n","protected":false},"excerpt":{"rendered":"<p>Zapisy na dy\u017cur wakacyjny do przedszkoli, oddzia\u0142\u00f3w przedszkolnych rozpoczn\u0105 si\u0119 18 marca br. o godz. 12.00&nbsp;i prowadzone b\u0119d\u0105 za pomoc\u0105 elektronicznego systemu dost\u0119pnego pod adresem: rekrutacje-warszawa.pzo.edu.pl Rodzice\/prawni opiekunowie dzieci, kt\u00f3re ju\u017c ucz\u0119szczaj\u0105 do przedszkola\/oddzia\u0142u przedszkolnego&nbsp;w szkole i jednocze\u015bnie uczestnicz\u0105 w &hellip; <\/p>\n","protected":false},"author":1,"featured_media":0,"parent":105,"menu_order":0,"comment_status":"closed","ping_status":"closed","template":"","meta":{"footnotes":""},"class_list":["post-970","page","type-page","status-publish","hentry"],"_links":{"self":[{"href":"https:\/\/przedszkole423.pl\/index.php?rest_route=\/wp\/v2\/pages\/970","targetHints":{"allow":["GET"]}}],"collection":[{"href":"https:\/\/przedszkole423.pl\/index.php?rest_route=\/wp\/v2\/pages"}],"about":[{"href":"https:\/\/przedszkole423.pl\/index.php?rest_route=\/wp\/v2\/types\/page"}],"author":[{"embeddable":true,"href":"https:\/\/przedszkole423.pl\/index.php?rest_route=\/wp\/v2\/users\/1"}],"replies":[{"embeddable":true,"href":"https:\/\/przedszkole423.pl\/index.php?rest_route=%2Fwp%2Fv2%2Fcomments&post=970"}],"version-history":[{"count":53,"href":"https:\/\/przedszkole423.pl\/index.php?rest_route=\/wp\/v2\/pages\/970\/revisions"}],"predecessor-version":[{"id":9048,"href":"https:\/\/przedszkole423.pl\/index.php?rest_route=\/wp\/v2\/pages\/970\/revisions\/9048"}],"up":[{"embeddable":true,"href":"https:\/\/przedszkole423.pl\/index.php?rest_route=\/wp\/v2\/pages\/105"}],"wp:attachment":[{"href":"https:\/\/przedszkole423.pl\/index.php?rest_route=%2Fwp%2Fv2%2Fmedia&parent=970"}],"curies":[{"name":"wp","href":"https:\/\/api.w.org\/{rel}","templated":true}]}}